{"id":2106,"date":"2020-04-09T20:42:18","date_gmt":"2020-04-09T19:42:18","guid":{"rendered":"http:\/\/supersec.com\/?page_id=2106"},"modified":"2020-04-15T15:19:51","modified_gmt":"2020-04-15T14:19:51","slug":"nos-conditions-generales","status":"publish","type":"page","link":"https:\/\/www.supersec.com\/b2b\/nos-conditions-generales\/","title":{"rendered":"Nos conditions g\u00e9n\u00e9rales"},"content":{"rendered":"<p><strong>Pr\u00e9ambule<\/strong><\/p><p>Le site est la propri\u00e9t\u00e9 de la SUPERSEC SA en sa totalit\u00e9, ainsi que l&rsquo;ensemble des droits y aff\u00e9rant. Toute reproduction, int\u00e9grale ou partielle, est syst\u00e9matiquement soumise \u00e0 l&rsquo;autorisation des propri\u00e9taires. Toutefois, les liaisons du type hypertexte vers le site sont autoris\u00e9es sans demande sp\u00e9cifique.<\/p><p><strong>1. Acceptation des conditions<\/strong><\/p><p>Le client reconna\u00eet avoir pris connaissance, au moment de la passation de commande, des conditions particuli\u00e8res de vente \u00e9nonc\u00e9es sur ce document qui r\u00e9gissent les relations contractuelles entre SUPERSEC SA SA et son client, les deux parties les acceptant sans r\u00e9serve. Ces conditions g\u00e9n\u00e9rales de vente pr\u00e9vaudront sur toutes autres conditions figurant dans tout autre document, sauf d\u00e9rogation pr\u00e9alable, expresse et \u00e9crite.<\/p><p><strong>2. Produits<\/strong><\/p><p>Les photographies illustrant les produits, n&rsquo;entrent pas dans le champ contractuel. Si des erreurs s&rsquo;y sont introduites, en aucun cas, la responsabilit\u00e9 de SUPERSEC SA ne pourrait \u00eatre engag\u00e9e. Les poids correspondant des produits frais pr\u00e9sent\u00e9s en regard du poids de nos produits s\u00e9ch\u00e9s sont indiqu\u00e9s \u00e0 titre strictement indicatifs et n\u2019engagent en rien SUPERSEC SA \u00e9tant donn\u00e9 que ces poids indicatifs sont sp\u00e9cifiques \u00e0 la cat\u00e9gorie de produit, son esp\u00e8ce, son processus de s\u00e9chage,\u2026 en cons\u00e9quence le poids commercial de r\u00e9f\u00e9rence consid\u00e9r\u00e9 ne peut \u00eatre que le produit \u00e0 l\u2019\u00e9tat s\u00e9ch\u00e9.&nbsp;<\/p><p><strong>3. Commande<\/strong><\/p><p>Les syst\u00e8mes d&rsquo;enregistrement automatique sont consid\u00e9r\u00e9s comme valant preuve, de la nature, du contenu et de la date de la commande. SUPERSEC SA confirme l&rsquo;acceptation de sa commande au client \u00e0 l&rsquo;adresse de courrier \u00e9lectronique que celui-ci aura communiqu\u00e9e, \u00e0 d\u00e9faut par courrier postal ou par t\u00e9l\u00e9phone. La vente ne sera conclue qu&rsquo;\u00e0 compter de la confirmation de la commande. SUPERSEC SA se r\u00e9serve le droit d&rsquo;annuler toute commande d&rsquo;un client avec lequel existerait un litige relatif au paiement d&rsquo;une commande ant\u00e9rieure. Les informations \u00e9nonc\u00e9es par l&rsquo;acheteur, lors de la prise de commande engagent celui-ci : en cas d&rsquo;erreur dans le libell\u00e9 des coordonn\u00e9es du destinataire, le vendeur ne saurait \u00eatre tenu responsable de l&rsquo;impossibilit\u00e9 dans laquelle il pourrait \u00eatre de livrer le produit.<\/p><p><strong>4. Livraison<\/strong><\/p><p>Pour des raisons de disponibilit\u00e9, SUPERSEC SA peut proposer au client soit de retarder la livraison jusqu&rsquo;\u00e0 la disponibilit\u00e9 de l&rsquo;article manquant, soit de remplacer l&rsquo;article manquant par un article de m\u00eame cat\u00e9gorie, soit d&rsquo;annuler la demande de l&rsquo;article manquant. En aucun cas, une m\u00eame commande ne sera exp\u00e9di\u00e9e en plusieurs parties. Si le client souhaite 2 lieux de livraison, il passe 2 commandes, avec les frais de livraison li\u00e9s \u00e0 chaque commande. Apr\u00e8s accord sur le contenu de la commande et confirmation de cette derni\u00e8re, SUPERSEC SA s&rsquo;engage \u00e0 livrer \u00e0 son client dans les meilleurs d\u00e9lais, toutes les r\u00e9f\u00e9rences command\u00e9es.<\/p><p>Le transporteur s&rsquo;engage, par contrat avec SUPERSEC SA, \u00e0 livrer la commande \u00e0 l&rsquo;adresse fournie par SUPERSEC SA telle qu&rsquo;elle aura \u00e9t\u00e9 communiqu\u00e9e \u00e0 cette derni\u00e8re par l&rsquo;acheteur. Pour les livraisons hors de la Belgique, le client s&rsquo;engage \u00e0 r\u00e9gler toutes les taxes dues a l&rsquo;importation de produits, droit de douane, taxe sur la valeur ajout\u00e9e, et toutes autres taxes dues en vertu des lois du pays de r\u00e9ception de la commande. SUPERSEC SA se d\u00e9gage de fait de toute responsabilit\u00e9 juridique si l&rsquo;acquittement des taxes n&rsquo;\u00e9tait pas effectu\u00e9 par le client. Toutes les commandes pass\u00e9es \u00e0 SUPERSEC SA sont destin\u00e9es \u00e0 l&rsquo;usage personnel des clients, les clients ou les destinataires des produits s&rsquo;interdisent toute revente partielle ou totale des produits. La livraison est effectu\u00e9e par Bpost en TAXIPOST 24 h suivi pour la Belgique, en TAXIPOST INTERNATIONAL BUSINESS avec suivi pour les pays de l&rsquo;UE ou par les services postaux internationaux pour tous les autres pays hors UE. Les retards \u00e9ventuels ne donnent pas le droit \u00e0 l&rsquo;acheteur de r\u00e9clamer des dommages et int\u00e9r\u00eats.<\/p><p>En Belgique, le d\u00e9lai moyen d&rsquo;acheminement peut varier en fonction de la localisation du client de 1 \u00e0 5 jours ouvr\u00e9s. Dans un d\u00e9lai de 7 jours ouvr\u00e9s \u00e0 partir de la date d&rsquo;exp\u00e9dition annonc\u00e9e par SUPERSEC SA, le client qui ne re\u00e7oit ni colis, ni avis de passage, doit v\u00e9rifier aupr\u00e8s du bureau de Poste dont il d\u00e9pend si le colis n&rsquo;est pas en instance. Si le colis arrive en tr\u00e8s mauvais \u00e9tat, le client doit imp\u00e9rativement l&rsquo;ouvrir et le contr\u00f4ler en pr\u00e9sence du livreur. Si les produits sont endommag\u00e9s, SUPERSEC SA conseille \u00e0 son client de refuser le colis en indiquant sur le bordereau de livraison la mention \u00ab\u00a0colis refus\u00e9 car endommag\u00e9\u201d. Si le colis pr\u00e9sente des traces \u00e9videntes d&rsquo;ouverture et qu&rsquo;il manque un ou plusieurs articles, SUPERSEC SA conseille \u00e9galement \u00e0 son client de refuser le colis et de faire un constat de spoliation aupr\u00e8s de la Poste \u00e0 renvoyer ensuite \u00e0 SUPERSEC SA<\/p><p>En cas de d\u00e9fauts apparents, l&rsquo;acheteur b\u00e9n\u00e9ficie du droit de retour dans les conditions pr\u00e9vues dans ce document. Sont consid\u00e9r\u00e9s comme cas de force majeure d\u00e9chargeant le vendeur de son obligation de livrer, la guerre, l&rsquo;\u00e9meute, l&rsquo;incendie, les gr\u00e8ves, les accidents et l&rsquo;impossibilit\u00e9 d&rsquo;\u00eatre approvisionn\u00e9. Les marchandises voyagent toujours aux risques et p\u00e9rils du destinataire. V\u00e9rifiez syst\u00e9matiquement votre colis \u00e0 l&rsquo;arriv\u00e9e. Vous disposez d&rsquo;un d\u00e9lai de 48 heures pour faire d&rsquo;\u00e9ventuelles r\u00e9serves aupr\u00e8s du transporteur en cas de manquant ou de d\u00e9gradation. SUPERSEC SA n&rsquo;est en aucun cas responsable du non respect des d\u00e9lais d&rsquo;acheminement annonc\u00e9s par le transporteur lui-m\u00eame. Aussi, aucun d\u00e9dommagement ni remboursement ne pourra \u00eatre demand\u00e9 \u00e0 SUPERSEC SA en cas de retard d\u00fb \u00e0 la seule d\u00e9faillance du transporteur.<\/p><p><strong>5. R\u00e9tractation<\/strong><\/p><p>Le retour d&rsquo;un produit par un acheteur n&rsquo;est permis que si le produit est retourn\u00e9 intacte au si\u00e8ge d\u2019exploitation de SuperSec SA \u00e0 savoir non d\u00e9bal\u00e9 &amp; non abim\u00e9. De plus un renvois de produit ne sera acecept\u00e9 que s\u2019il est renvoy\u00e9 contre signature \u00e0 la r\u00e9ception en utilisant le service DHL \u2013 tout autre renvois pouvant compromettre la tracabilit\u00e9 du retour sera refus\u00e9.<\/p><p>Apr\u00e8s constatation de la non conformit\u00e9 d&rsquo;un produit \u00e0 la r\u00e9ception, nous proc\u00e9derons \u00e0 un \u00e9change par un produit identique suivant sa disponibilit\u00e9.<\/p><p><strong>6. Prix<\/strong><\/p><p>Le prix est exprim\u00e9 en Euros. Le prix indiqu\u00e9 sur les fiches produit ne comprend pas le transport. Le prix indiqu\u00e9 dans la confirmation de commande est le prix d\u00e9finitif, exprim\u00e9 toutes taxes comprises et incluant la TVA pour la Belgique et les pays de la CEE. Il comprend le prix des produits, les frais de manutention, d&#8217;emballage et de conservation des produits, les frais de transport et, le cas \u00e9ch\u00e9ant, de mise en service.<\/p><p><strong>7. Paiement<\/strong><\/p><p>Le prix factur\u00e9 au client est le prix indiqu\u00e9 sur la confirmation de commande adress\u00e9e par SUPERSEC SA Ce prix est payable au comptant le jour de la commande effective.<\/p><p>En ligne, nous permettons au client de r\u00e9gler via le serveur d\u2019OGON dans un environnement s\u00e9curis\u00e9. Le N\u00b0 de carte bancaire est trait\u00e9 par le serveur de OGON, le r\u00e8glement s&rsquo;effectue directement dans un environnement s\u00e9curis\u00e9 sans passer par le serveur de la boutique, garantie d&rsquo;autant plus importante que les N\u00b0 du client sont connus seulement de notre partenaire OGON.<\/p><p>La commande valid\u00e9e par le client ne sera consid\u00e9r\u00e9e effective que lorsque les centres de paiement bancaire concern\u00e9s auront donn\u00e9 leur accord. En cas de refus des dits centres, la commande sera automatiquement annul\u00e9e et le client pr\u00e9venu par courrier \u00e9lectronique. Par ailleurs, SUPERSEC SA se r\u00e9serve le droit de refuser toute commande d&rsquo;un client avec lequel existerait un litige.<\/p><p><strong>8. Litiges<\/strong><\/p><p>Le pr\u00e9sent contrat est soumis au droit belge. SUPERSEC SA ne peut \u00eatre tenue pour responsable des dommages de toute nature, tant mat\u00e9riels qu&rsquo;immat\u00e9riels ou corporels, qui pourraient r\u00e9sulter d&rsquo;un mauvais fonctionnement ou de la mauvaise utilisation des produits commercialis\u00e9s. Il en est de m\u00eame pour les \u00e9ventuelles modifications des produits r\u00e9sultant des fabricants. La responsabilit\u00e9 de SUPERSEC SA sera, en tout \u00e9tat de cause, limit\u00e9e au montant de la commande et ne saurait \u00eatre mise en cause pour de simples erreurs ou omissions qui auraient pu subsister malgr\u00e9 toutes les pr\u00e9cautions prises dans la pr\u00e9sentation des produits. En cas de difficult\u00e9s dans l&rsquo;application du pr\u00e9sent contrat, l&rsquo;acheteur a la possibilit\u00e9, avant toute action en justice, de rechercher une solution amiable notamment avec l&rsquo;aide d&rsquo;une association professionnelle de la branche, d&rsquo;une association de consommateurs ou de tout autre conseil de son choix. Il est rappel\u00e9 que la recherche de la solution amiable n&rsquo;interrompt pas le \u00a0\u00bb bref d\u00e9lai \u00a0\u00bb de la garantie l\u00e9gale, ni la dur\u00e9e de la garantie contractuelle. Il est rappel\u00e9 qu&rsquo;en r\u00e8gle g\u00e9n\u00e9rale et sous r\u00e9serve de l&rsquo;appr\u00e9ciation des Tribunaux, le respect des dispositions du pr\u00e9sent contrat relatives \u00e0 la garantie contractuelle suppose que l&rsquo;acheteur honore ses engagements financiers envers le vendeur. Les r\u00e9clamations ou contestations seront toujours re\u00e7ues avec bienveillance attentive, la bonne foi \u00e9tant toujours pr\u00e9sum\u00e9e chez celui qui prend la peine d&rsquo;exposer ses situations. En cas de litige, le client s&rsquo;adressera par priorit\u00e9 \u00e0 l&rsquo;entreprise pour obtenir une solution amiable. A d\u00e9faut, le Tribunal de commerce de BRUXELLES est seul comp\u00e9tent.<\/p><p><strong>9. Garantie<\/strong><\/p><p>En ce qui concerne l&rsquo;alimentaire, les dates de consommation indiqu\u00e9es doivent \u00eatre respect\u00e9es par le client. Dans tous les cas, SUPERSEC SA ne pourrait \u00eatre tenue pour responsable pour non respect des dispositions r\u00e9glementaires et l\u00e9gislatives en vigueur dans le pays de r\u00e9ception, la responsabilit\u00e9 de SUPERSEC SA est syst\u00e9matiquement limit\u00e9e \u00e0 la valeur du produit mis en cause, valeur \u00e0 sa date de vente et ce, sans possibilit\u00e9s de recours envers la marque ou la soci\u00e9t\u00e9 productrice du produit.<\/p><p><strong>10. Informations l\u00e9gales<\/strong><\/p><p>Le renseignement des informations nominatives collect\u00e9es dans le cadre de la vente \u00e0 distance est obligatoire, ces informations \u00e9tant n\u00e9cessaires pour le traitement et la livraison des commandes ainsi que pour l&rsquo;\u00e9tablissement des factures. Ces informations sont strictement confidentielles. Le d\u00e9faut de renseignement implique le rejet automatique de la commande.<\/p><p>Le Vendeur s\u2019engage \u00e0 ne pas divulguer \u00e0 des tiers les informations communiqu\u00e9es par ses Clients. Celles-ci ne seront utilis\u00e9es qu\u2019\u00e0 des fins de gestion interne, c\u2019est-\u00e0-dire afin de g\u00e9rer les commandes, la facturation, le service, la solvabilit\u00e9, le marketing ou la publicit\u00e9 personnalis\u00e9e\u2026 sans que cette \u00e9num\u00e9ration ne soit limitative.<\/p><p>Le Vendeur s\u2019engage \u00e0 respecter les principes de la loi belge du 8 d\u00e9cembre 1992 relative \u00e0 la protection de la vie priv\u00e9e \u00e0 l\u2019\u00e9gard du traitement de donn\u00e9es \u00e0 caract\u00e8re personnel. A cet \u00e9gard, le Client qui a command\u00e9 sur le site du Vendeur pourra \u00e0 tout moment demander \u00e0 consulter, corriger ou supprimer les donn\u00e9es personnelles que le Vendeur a enregistr\u00e9es \u00e0 son propos en nous contactant via la rubrique \u00ab\u00a0contact\u00a0\u00bb ou un courrier \u00e0 l\u2019adresse suivante\u00a0: <a>SUPERSEC SA rue des tanneurs \u00e0 1000 Bruxelles<\/a>, Belgique.<\/p><p><strong>11. Participation aux concours<\/strong><\/p><p>Nous pouvons organiser des concours. Pour y participer, vous devrez vous inscrire au site <a href=\"http:\/\/supersec.com\/test\">www.supersec.com<\/a> et par cons\u00e9quent, donner vos coordonn\u00e9es. Les renseignements recueillis lors de votre participation \u00e0 un concours serviront \u00e0 communiquer avec vous si vous gagnez.<\/p><p><strong>12. Modification du pr\u00e9sent document<\/strong><\/p><p>Ce document peut \u00eatre modifi\u00e9 au fil du temps afin de s&rsquo;adapter \u00e0 l&rsquo;\u00e9volution des technologies et des lois. Nous pourrons ajouter, modifier ou retirer des parties si nous croyons qu&rsquo;il convient de le faire. Chaque fois que nous mettrons ce document \u00e0 jour, nous y inscrirons la date \u00e0 laquelle les modifications ont \u00e9t\u00e9 apport\u00e9es.<br><\/p>","protected":false},"excerpt":{"rendered":"<p>Pr\u00e9ambule Le site est la propri\u00e9t\u00e9 de la SUPERSEC SA en sa totalit\u00e9, ainsi que l&rsquo;ensemble des droits y aff\u00e9rant. Toute reproduction, int\u00e9grale ou partielle, est syst\u00e9matiquement soumise \u00e0 l&rsquo;autorisation des propri\u00e9taires. Toutefois, les liaisons du type hypertexte vers le site sont autoris\u00e9es sans demande sp\u00e9cifique. 1. Acceptation des conditions Le client reconna\u00eet avoir pris [&hellip;]<\/p>\n","protected":false},"author":2,"featured_media":0,"parent":0,"menu_order":0,"comment_status":"closed","ping_status":"closed","template":"","meta":{"_acf_changed":false,"inline_featured_image":false,"footnotes":""},"acf":[],"yoast_head":"<!-- This site is optimized with the Yoast SEO plugin v23.0 - https:\/\/yoast.com\/wordpress\/plugins\/seo\/ -->\n<title>Nos conditions g\u00e9n\u00e9rales - Superstories<\/title>\n<meta name=\"robots\" content=\"noindex, follow, max-snippet:-1, max-image-preview:large, max-video-preview:-1\" \/>\n<meta property=\"og:locale\" content=\"fr_FR\" \/>\n<meta property=\"og:type\" content=\"article\" \/>\n<meta property=\"og:title\" content=\"Nos conditions g\u00e9n\u00e9rales - Superstories\" \/>\n<meta property=\"og:description\" content=\"Pr\u00e9ambule Le site est la propri\u00e9t\u00e9 de la SUPERSEC SA en sa totalit\u00e9, ainsi que l&rsquo;ensemble des droits y aff\u00e9rant. Toute reproduction, int\u00e9grale ou partielle, est syst\u00e9matiquement soumise \u00e0 l&rsquo;autorisation des propri\u00e9taires. Toutefois, les liaisons du type hypertexte vers le site sont autoris\u00e9es sans demande sp\u00e9cifique. 1. Acceptation des conditions Le client reconna\u00eet avoir pris [&hellip;]\" \/>\n<meta property=\"og:url\" content=\"https:\/\/www.supersec.com\/b2b\/nos-conditions-generales\/\" \/>\n<meta property=\"og:site_name\" content=\"Superstories\" \/>\n<meta property=\"article:publisher\" content=\"https:\/\/www.facebook.com\/Supersec-275655879132297\/\" \/>\n<meta property=\"article:modified_time\" content=\"2020-04-15T14:19:51+00:00\" \/>\n<meta property=\"og:image\" content=\"https:\/\/www.supersec.com\/b2b\/wp-content\/uploads\/sites\/4\/2020\/04\/Display-Chocolat-3.jpg\" \/>\n\t<meta property=\"og:image:width\" content=\"2560\" \/>\n\t<meta property=\"og:image:height\" content=\"1707\" \/>\n\t<meta property=\"og:image:type\" content=\"image\/jpeg\" \/>\n<meta name=\"twitter:card\" content=\"summary_large_image\" \/>\n<meta name=\"twitter:site\" content=\"@SupersecUs\" \/>\n<meta name=\"twitter:label1\" content=\"Dur\u00e9e de lecture estim\u00e9e\" \/>\n\t<meta name=\"twitter:data1\" content=\"10 minutes\" \/>\n<script type=\"application\/ld+json\" class=\"yoast-schema-graph\">{\"@context\":\"https:\/\/schema.org\",\"@graph\":[{\"@type\":\"WebPage\",\"@id\":\"https:\/\/www.supersec.com\/b2b\/nos-conditions-generales\/\",\"url\":\"https:\/\/www.supersec.com\/b2b\/nos-conditions-generales\/\",\"name\":\"Nos conditions g\u00e9n\u00e9rales - Superstories\",\"isPartOf\":{\"@id\":\"https:\/\/www.supersec.com\/b2b\/#website\"},\"datePublished\":\"2020-04-09T19:42:18+00:00\",\"dateModified\":\"2020-04-15T14:19:51+00:00\",\"breadcrumb\":{\"@id\":\"https:\/\/www.supersec.com\/b2b\/nos-conditions-generales\/#breadcrumb\"},\"inLanguage\":\"fr-FR\",\"potentialAction\":[{\"@type\":\"ReadAction\",\"target\":[\"https:\/\/www.supersec.com\/b2b\/nos-conditions-generales\/\"]}]},{\"@type\":\"BreadcrumbList\",\"@id\":\"https:\/\/www.supersec.com\/b2b\/nos-conditions-generales\/#breadcrumb\",\"itemListElement\":[{\"@type\":\"ListItem\",\"position\":1,\"name\":\"Home\",\"item\":\"https:\/\/www.supersec.com\/b2b\/\"},{\"@type\":\"ListItem\",\"position\":2,\"name\":\"Nos conditions g\u00e9n\u00e9rales\"}]},{\"@type\":\"WebSite\",\"@id\":\"https:\/\/www.supersec.com\/b2b\/#website\",\"url\":\"https:\/\/www.supersec.com\/b2b\/\",\"name\":\"Superstories\",\"description\":\"Less water, more taste\",\"potentialAction\":[{\"@type\":\"SearchAction\",\"target\":{\"@type\":\"EntryPoint\",\"urlTemplate\":\"https:\/\/www.supersec.com\/b2b\/?s={search_term_string}\"},\"query-input\":\"required name=search_term_string\"}],\"inLanguage\":\"fr-FR\"}]}<\/script>\n<!-- \/ Yoast SEO plugin. -->","yoast_head_json":{"title":"Nos conditions g\u00e9n\u00e9rales - Superstories","robots":{"index":"noindex","follow":"follow","max-snippet":"max-snippet:-1","max-image-preview":"max-image-preview:large","max-video-preview":"max-video-preview:-1"},"og_locale":"fr_FR","og_type":"article","og_title":"Nos conditions g\u00e9n\u00e9rales - Superstories","og_description":"Pr\u00e9ambule Le site est la propri\u00e9t\u00e9 de la SUPERSEC SA en sa totalit\u00e9, ainsi que l&rsquo;ensemble des droits y aff\u00e9rant. Toute reproduction, int\u00e9grale ou partielle, est syst\u00e9matiquement soumise \u00e0 l&rsquo;autorisation des propri\u00e9taires. Toutefois, les liaisons du type hypertexte vers le site sont autoris\u00e9es sans demande sp\u00e9cifique. 1. Acceptation des conditions Le client reconna\u00eet avoir pris [&hellip;]","og_url":"https:\/\/www.supersec.com\/b2b\/nos-conditions-generales\/","og_site_name":"Superstories","article_publisher":"https:\/\/www.facebook.com\/Supersec-275655879132297\/","article_modified_time":"2020-04-15T14:19:51+00:00","og_image":[{"width":2560,"height":1707,"url":"https:\/\/www.supersec.com\/b2b\/wp-content\/uploads\/sites\/4\/2020\/04\/Display-Chocolat-3.jpg","type":"image\/jpeg"}],"twitter_card":"summary_large_image","twitter_site":"@SupersecUs","twitter_misc":{"Dur\u00e9e de lecture estim\u00e9e":"10 minutes"},"schema":{"@context":"https:\/\/schema.org","@graph":[{"@type":"WebPage","@id":"https:\/\/www.supersec.com\/b2b\/nos-conditions-generales\/","url":"https:\/\/www.supersec.com\/b2b\/nos-conditions-generales\/","name":"Nos conditions g\u00e9n\u00e9rales - Superstories","isPartOf":{"@id":"https:\/\/www.supersec.com\/b2b\/#website"},"datePublished":"2020-04-09T19:42:18+00:00","dateModified":"2020-04-15T14:19:51+00:00","breadcrumb":{"@id":"https:\/\/www.supersec.com\/b2b\/nos-conditions-generales\/#breadcrumb"},"inLanguage":"fr-FR","potentialAction":[{"@type":"ReadAction","target":["https:\/\/www.supersec.com\/b2b\/nos-conditions-generales\/"]}]},{"@type":"BreadcrumbList","@id":"https:\/\/www.supersec.com\/b2b\/nos-conditions-generales\/#breadcrumb","itemListElement":[{"@type":"ListItem","position":1,"name":"Home","item":"https:\/\/www.supersec.com\/b2b\/"},{"@type":"ListItem","position":2,"name":"Nos conditions g\u00e9n\u00e9rales"}]},{"@type":"WebSite","@id":"https:\/\/www.supersec.com\/b2b\/#website","url":"https:\/\/www.supersec.com\/b2b\/","name":"Superstories","description":"Less water, more taste","potentialAction":[{"@type":"SearchAction","target":{"@type":"EntryPoint","urlTemplate":"https:\/\/www.supersec.com\/b2b\/?s={search_term_string}"},"query-input":"required name=search_term_string"}],"inLanguage":"fr-FR"}]}},"_links":{"self":[{"href":"https:\/\/www.supersec.com\/b2b\/wp-json\/wp\/v2\/pages\/2106"}],"collection":[{"href":"https:\/\/www.supersec.com\/b2b\/wp-json\/wp\/v2\/pages"}],"about":[{"href":"https:\/\/www.supersec.com\/b2b\/wp-json\/wp\/v2\/types\/page"}],"author":[{"embeddable":true,"href":"https:\/\/www.supersec.com\/b2b\/wp-json\/wp\/v2\/users\/2"}],"replies":[{"embeddable":true,"href":"https:\/\/www.supersec.com\/b2b\/wp-json\/wp\/v2\/comments?post=2106"}],"version-history":[{"count":2,"href":"https:\/\/www.supersec.com\/b2b\/wp-json\/wp\/v2\/pages\/2106\/revisions"}],"predecessor-version":[{"id":2355,"href":"https:\/\/www.supersec.com\/b2b\/wp-json\/wp\/v2\/pages\/2106\/revisions\/2355"}],"wp:attachment":[{"href":"https:\/\/www.supersec.com\/b2b\/wp-json\/wp\/v2\/media?parent=2106"}],"curies":[{"name":"wp","href":"https:\/\/api.w.org\/{rel}","templated":true}]}}